{"id":3,"date":"2022-09-06T07:56:14","date_gmt":"2022-09-06T07:56:14","guid":{"rendered":"https:\/\/www.hotelmaestri.com\/wp\/?page_id=3"},"modified":"2025-05-23T15:34:15","modified_gmt":"2025-05-23T13:34:15","slug":"privacy-policy","status":"publish","type":"page","link":"https:\/\/www.hotelmaestri.com\/de\/datenschutzbestimmungen\/","title":{"rendered":"Datenschutzbestimmungen"},"content":{"rendered":"<p>Gem\u00e4\u00df der Verordnung (EU) 2016\/679 (im Folgenden als \"Verordnung\" oder \"GDPR\" bezeichnet) wird auf dieser Seite beschrieben, wie die personenbezogenen Daten der Nutzer, die die Website des f\u00fcr die Verarbeitung Verantwortlichen besuchen, verarbeitet werden.<\/p>\n<p>Diese Informationen betreffen nicht andere Websites, Seiten oder Online-Dienste, die \u00fcber Hypertext-Links erreicht werden k\u00f6nnen, die auf dieser Website ver\u00f6ffentlicht werden k\u00f6nnen, die aber auf Ressourcen au\u00dferhalb der Domain verweisen<\/p>\n<p><b>https:\/\/www.hotelmaestri.com\/<\/b><\/p>\n<p>Im Anschluss an die Abfrage der Website k\u00f6nnen Daten verarbeitet werden, die sich auf bestimmte oder bestimmbare nat\u00fcrliche Personen beziehen.<\/p>\n<table border=\"0\" width=\"581\" cellspacing=\"0\" cellpadding=\"7\">\n<tbody>\n<tr>\n<td width=\"240\">\n<p lang=\"it-IT\" align=\"RIGHT\"><span style=\"font-family: Montserrat;\"><span style=\"font-size: small;\"><b>DATENVERANTWORTLICHER<\/b><\/span><\/span><\/p>\n<\/td>\n<td width=\"312\">G.E.T.M. SRL<\/td>\n<\/tr>\n<tr>\n<td width=\"240\">\n<p lang=\"it-IT\" align=\"RIGHT\"><span style=\"font-family: Montserrat;\"><span style=\"font-size: small;\"><b>Eingetragener Sitz <\/b><\/span><\/span><\/p>\n<\/td>\n<td width=\"312\">Via Gorizia, 4 - 47838 Riccione (RN)<\/td>\n<\/tr>\n<tr>\n<td width=\"240\">\n<p lang=\"it-IT\" align=\"RIGHT\"><span style=\"font-family: Montserrat;\"><span style=\"font-size: small;\"><b>Operatives Hauptquartier <\/b><\/span><\/span><\/p>\n<\/td>\n<td valign=\"TOP\" width=\"312\">\n<p lang=\"en-US\"><span style=\"font-family: Montserrat;\"><span style=\"font-size: small;\">Via Gorizia, 4 - 47838 Riccione (RN)<\/span><\/span><\/p>\n<\/td>\n<\/tr>\n<tr>\n<td width=\"240\">\n<p lang=\"it-IT\" align=\"RIGHT\"><span style=\"font-family: Montserrat;\"><span style=\"font-size: small;\"><b>C.F. \/ VAT NO.<\/b><\/span><\/span><\/p>\n<\/td>\n<td valign=\"TOP\" width=\"312\">\n<p lang=\"en-US\"><span style=\"font-family: Montserrat;\"><span style=\"font-size: small;\">01313660407<\/span><\/span><\/p>\n<\/td>\n<\/tr>\n<tr>\n<td width=\"240\">\n<p lang=\"it-IT\" align=\"RIGHT\"><span style=\"font-family: Montserrat;\"><span style=\"font-size: small;\"><b>E-Mail \/ Pec:<\/b><\/span><\/span><\/p>\n<\/td>\n<td width=\"312\">\n<p lang=\"en-US\"><span style=\"font-family: Montserrat;\"><span style=\"font-size: small;\">info@hotelmaestri.com<\/span><\/span><\/p>\n<p lang=\"en-US\">\n<\/td>\n<\/tr>\n<\/tbody>\n<\/table>\n<p><span style=\"color: #003399;\"><span style=\"font-size: medium;\">VERARBEITETE DATEN, ZWECK DER VERARBEITUNG UND RECHTSGRUNDLAGE<\/span><\/span><\/p>\n<p><b>1) NAVIGATIONSDATEN<\/b><\/p>\n<p><b>Rechtsgrundlage<\/b>\"Verarbeitung von Daten, die f\u00fcr die Navigation auf der Website erforderlich sind\" - Vertragliche Verpflichtung - Art. 6(1)(b) GDPR<\/p>\n<p>Die Informatiksysteme und Softwareverfahren, die f\u00fcr den Betrieb dieser Website verwendet werden, erfassen im Rahmen ihres normalen Betriebs bestimmte personenbezogene Daten, deren \u00dcbermittlung durch die Verwendung von Internet-Kommunikationsprotokollen implizit ist. Zu dieser Datenkategorie geh\u00f6ren die IP-Adressen oder Dom\u00e4nennamen der von den Nutzern verwendeten Computer und Endger\u00e4te, die URI\/URL (Uniform Resource Identifier\/Locator)-Notationsadressen der angeforderten Ressourcen, die Uhrzeit der Anfrage, die f\u00fcr die \u00dcbermittlung der Anfrage an den Server verwendete Methode, die Gr\u00f6\u00dfe der als Antwort erhaltenen Datei, der numerische Code, der den Status der vom Server gegebenen Antwort angibt (erfolgreich, Fehler usw.) sowie andere Parameter, die sich auf das Betriebssystem und die Computerumgebung des Nutzers beziehen. Diese Daten, die f\u00fcr die Navigation auf der Website und die Nutzung der darin enthaltenen Informationen erforderlich sind, werden von dem f\u00fcr die Verarbeitung Verantwortlichen auch zu folgenden Zwecken verarbeitet:<\/p>\n<p>- aggregierte und anonyme statistische Informationen \u00fcber die Nutzung der Website zu erhalten (meistbesuchte Seiten, Anzahl der Besucher pro Zeitfenster oder pro Tag, geografische Herkunftsgebiete der Besucher usw.);<\/p>\n<p>- die korrekte Nutzbarkeit der auf der Website angebotenen Inhalte zu \u00fcberpr\u00fcfen;<\/p>\n<p>- Vorbeugung und Bek\u00e4mpfung m\u00f6glicher Cyberkriminalit\u00e4t und betr\u00fcgerischer Nutzung der auf der Website verf\u00fcgbaren Funktionalit\u00e4ten, auch im Hinblick auf die Rekonstruktion von Sicherheitsvorf\u00e4llen und deren R\u00fcckverfolgbarkeit<\/p>\n<p><b>Konservierung:<\/b><\/p>\n<p>In \u00dcbereinstimmung mit den Grunds\u00e4tzen der Rechtm\u00e4\u00dfigkeit, der Zweckbindung und der Datenminimierung gem\u00e4\u00df Artikel 5 der DSGVO werden die Browsing-Daten f\u00fcr einen Zeitraum gespeichert, der die Erreichung der oben beschriebenen technischen Zwecke, f\u00fcr die sie erhoben und verarbeitet werden, nicht \u00fcberschreitet, au\u00dfer im Falle der Notwendigkeit der Ermittlung von Straftaten durch die Justizbeh\u00f6rden.<\/p>\n<p><b>2) VOM NUTZER \u00dcBERMITTELTE DATEN<\/b><\/p>\n<p><b>Rechtsgrundlage<\/b>Datenverarbeitung zur Beantwortung von Nutzeranfragen\" - vertragliche Verpflichtung - Art. 6(1)(b) GDPR<\/p>\n<p>Das fakultative, ausdr\u00fcckliche und freiwillige Versenden von Nachrichten an die Kontaktadressen des f\u00fcr die Verarbeitung Verantwortlichen, private Nachrichten, die von den Nutzern an institutionelle Profile\/Seiten und \u00fcber soziale Medien (sofern diese M\u00f6glichkeit vorgesehen ist) gesendet werden, sowie das Ausf\u00fcllen und Weiterleiten von Formularen auf den Websites des f\u00fcr die Verarbeitung Verantwortlichen, einschlie\u00dflich Buchungs- und\/oder Angebotsanfragen, f\u00fchren zur Erfassung der Kontaktdaten des Absenders, die f\u00fcr die Beantwortung erforderlich sind, sowie aller personenbezogenen Daten, die in denselben Mitteilungen enthalten sind.<\/p>\n<p>F\u00fcr Buchungsanfragen verwendet der f\u00fcr die Verarbeitung Verantwortliche CRM (Customer Relationship Management), das von dem folgenden Datenverarbeiter bereitgestellt wird:<br \/>\n<b>ZUCCHETTI HOSPITALITY SRL - Via Solferino n.1 - 26900 Lodi (LO)<\/b><\/p>\n<p><b>Konservierung:<\/b><\/p>\n<p>Die vom Nutzer \u00fcbermittelten Daten werden so lange gespeichert, wie es f\u00fcr die Bearbeitung der einzelnen Anfragen erforderlich ist; bei einer anschlie\u00dfenden Speicherung zu statistischen Zwecken werden diese Daten anonymisiert (au\u00dfer im Falle der Notwendigkeit der Ermittlung von Straftaten durch die Justizbeh\u00f6rden).<\/p>\n<p><b>3) NEWSLETTER<\/b><\/p>\n<p><b>Rechtsgrundlage<\/b>Einwilligung der betroffenen Person\" - Art. 6(1)(a) GDPR<\/p>\n<p>Die Verarbeitung der f\u00fcr die Verwaltung des Newsletters erforderlichen Daten erfolgt mit der ausdr\u00fccklichen Einwilligung des Nutzers. Sie k\u00f6nnen diese Einwilligung jederzeit widerrufen, indem Sie sich \u00fcber die in allen E-Mails angegebenen Funktionalit\u00e4ten abmelden oder eine E-Mail an die Kontaktdaten des f\u00fcr die Verarbeitung Verantwortlichen senden.<\/p>\n<p><b>Konservierung:<\/b><\/p>\n<p>Die vom Nutzer \u00fcbermittelten Daten werden gespeichert, bis der Betroffene seine Einwilligung widerruft.<\/p>\n<p><b><span style=\"color: #003399;\"><span style=\"font-size: medium;\">BEHANDLUNGSMETHODEN<\/span><\/span><\/b><span style=\"color: #404040;\"><br \/>\n<\/span><span style=\"color: #404040;\">Die Daten werden mit Hilfe von Papier-, Magnet-, Computer- oder Telematikinstrumenten und -tr\u00e4gern verarbeitet. Die Daten werden in die entsprechenden Datenbanken aufgenommen, auf die die vom Inhaber der Datenverarbeitung ausdr\u00fccklich als Datenverarbeiter und\/oder Verantwortliche bezeichneten Mitarbeiter Zugriff haben und die ihnen somit bekannt werden. Die Verantwortlichen f\u00fcr die Datenverarbeitung und die mit der Verarbeitung beauftragten Personen d\u00fcrfen nur dann Abfragen, Verwendungen, Verarbeitungen, Vergleiche und sonstige sachdienliche Vorg\u00e4nge, einschlie\u00dflich automatisierter Vorg\u00e4nge, vornehmen, wenn sie dazu ausdr\u00fccklich erm\u00e4chtigt wurden.<\/span><\/p>\n<p><span style=\"color: #003399;\"><span style=\"font-size: medium;\">DATENEMPF\u00c4NGER<\/span><\/span><\/p>\n<p>Die Empf\u00e4nger der Daten, die infolge der Inanspruchnahme einiger der oben aufgef\u00fchrten Dienste erhoben werden, sind bestimmte vom f\u00fcr die Verarbeitung Verantwortlichen gem\u00e4\u00df Artikel 28 der Verordnung benannte Stellen, die als Datenverarbeiter fungieren, sowie andere zus\u00e4tzliche Dienstleister im Bereich der Web-Agenturen, der digitalen Kommunikation, der Systemunterst\u00fctzung und andere Anbieter digitaler Dienste, f\u00fcr die Sie eine vollst\u00e4ndige Liste anfordern k\u00f6nnen, indem Sie sich schriftlich an die Kontaktdaten des f\u00fcr die Verarbeitung Verantwortlichen wenden.<\/p>\n<p>Einige Daten und Informationen k\u00f6nnen von Personen \u00fcbermittelt oder erfasst werden, die als autonome Verantwortliche identifiziert wurden; diese Daten beziehen sich auf Cookies, die in der Regel vor der \u00dcbermittlung zu statistischen Zwecken anonymisiert werden. Falls eine \u00dcbermittlung in Nicht-EU-L\u00e4nder vorgesehen ist, werden die getroffenen Sicherheitsma\u00dfnahmen angegeben.<\/p>\n<p>Die erhobenen personenbezogenen Daten werden auch von den vom f\u00fcr die Verarbeitung Verantwortlichen f\u00f6rmlich benannten Datenverarbeitern verarbeitet, die auf der Grundlage spezifischer Anweisungen bez\u00fcglich der Zwecke und Methoden der Verarbeitung t\u00e4tig werden.<\/p>\n<p><span style=\"color: #003399;\"><span style=\"font-size: medium;\">SICHERHEIT DER VERARBEITUNG<\/span><\/span><\/p>\n<p>Personenbezogene Daten, die \u00fcbermittelt und so lange gespeichert werden, wie es f\u00fcr die genannten Zwecke erforderlich ist, werden durch besondere technische und organisatorische Sicherheitsma\u00dfnahmen gem\u00e4\u00df Artikel 32 der Verordnung gesch\u00fctzt, die geeignet sind, die Vertraulichkeit, Integrit\u00e4t und Verf\u00fcgbarkeit sowie die F\u00e4higkeit zur unverz\u00fcglichen Wiederherstellung der Verf\u00fcgbarkeit und des Zugriffs auf personenbezogene Daten im Falle eines physischen oder technischen Zwischenfalls dauerhaft zu gew\u00e4hrleisten, einschlie\u00dflich der Risiken der Zerst\u00f6rung, des Verlusts, der Ver\u00e4nderung, der unbefugten Weitergabe von oder des unbefugten Zugriffs auf \u00fcbermittelte, gespeicherte oder anderweitig verarbeitete personenbezogene Daten, unabh\u00e4ngig davon, ob dies zuf\u00e4llig oder unrechtm\u00e4\u00dfig geschieht.<\/p>\n<p><b><span style=\"color: #003399;\"><span style=\"font-size: medium;\">KOMMUNIKATION, VERBREITUNG UND <\/span><\/span><\/b><span style=\"color: #003399;\"><span style=\"font-size: medium;\">\u00dcBERMITTLUNG VON PERSONENBEZOGENEN DATEN IN L\u00c4NDER AUSSERHALB DER EU<\/span><\/span><\/p>\n<p><span style=\"color: #404040;\">Personenbezogene Daten k\u00f6nnen in Erf\u00fcllung gesetzlicher Verpflichtungen weitergegeben werden, werden aber in keiner Weise verbreitet.<\/span><span style=\"color: #404040;\"><br \/>\n<\/span>Der f\u00fcr die Datenverarbeitung Verantwortliche \u00fcbermittelt keine personenbezogenen Daten direkt in L\u00e4nder au\u00dferhalb der EU. Wenn Sie jedoch der Verwendung von Analyse- und\/oder Profiling-Cookies zustimmen, k\u00f6nnen Ihre Daten in die USA \u00fcbertragen werden, ein Land, das derzeit keine angemessenen Garantien f\u00fcr die Verarbeitung Ihrer Daten bietet, aber Google hat die Umsetzung zus\u00e4tzlicher Sicherheitsma\u00dfnahmen erkl\u00e4rt, die der f\u00fcr die Datenverarbeitung Verantwortliche als ausreichend erachtet hat.<\/p>\n<p><b><span style=\"color: #003399;\"><span style=\"font-size: medium;\">RECHTE DER INTERESSENTEN (Art. 15, 16, 17, 18, 19, 20, 21, 22 EU-VO 679\/2016)<\/span><\/span><\/b><span style=\"color: #003399;\"><span style=\"font-size: medium;\"><b><br \/>\n<\/b><\/span><\/span><span style=\"color: #404040;\">Die betroffene Person hat das Recht, Auskunft dar\u00fcber zu erhalten, ob Daten vorhanden sind, die sie betreffen, auch dann, wenn diese noch nicht gespeichert sind; sie hat ferner das Recht, dass ihr diese Daten in verst\u00e4ndlicher Form \u00fcbermittelt werden. Die betroffene Person hat das Recht auf Auskunft \u00fcber die Herkunft der personenbezogenen Daten, den Zweck und die Modalit\u00e4ten der Verarbeitung, das angewandte System, falls die Daten elektronisch verarbeitet werden, die wichtigsten Daten zur Identifizierung des Rechtsinhabers, der Verantwortlichen und des im Sinne von Artikel 5 Absatz 2 namhaft gemachten Vertreters sowie die Personen oder Kategorien von Personen, denen die personenbezogenen Daten \u00fcbermittelt werden k\u00f6nnen oder die als im Staatsgebiet namhaft gemachte Vertreter, als Verantwortliche oder als Beauftragte davon Kenntnis erlangen k\u00f6nnen. Der Betroffene hat das Recht, Folgendes zu verlangen die Aktualisierung, die Berichtigung oder, sofern interessiert, die Erg\u00e4nzung der Daten, die L\u00f6schung, die Umwandlung in anonyme Form oder die Sperrung der widerrechtlich verarbeiteten Daten, einschlie\u00dflich der Daten, deren Aufbewahrung f\u00fcr die Zwecke, f\u00fcr die sie erhoben oder sp\u00e4ter verarbeitet wurden, nicht erforderlich ist eine Bescheinigung dar\u00fcber, dass die unter den Buchstaben a) und b) angegebenen Vorg\u00e4nge, auch was ihren Inhalt betrifft, jenen mitgeteilt wurden, denen die Daten \u00fcbermittelt oder bei denen sie verbreitet wurden, sofern sich dies nicht als unm\u00f6glich erweist oder der Aufwand an Mitteln im Verh\u00e4ltnis zum gesch\u00fctzten Recht unvertretbar gro\u00df w\u00e4re; die \u00dcbertragbarkeit der Daten. Die betroffene Person hat das Recht, sich ganz oder teilweise der Verarbeitung personenbezogener Daten, die sie betreffen, aus legitimen Gr\u00fcnden zu widersetzen, auch wenn diese Daten dem Zweck der Sammlung entsprechen; der Verarbeitung personenbezogener Daten, die sie betreffen, zu widersetzen, wenn diese Verarbeitung zum Zwecke des Versands von Werbematerial oder des Direktverkaufs, zur Markt- oder Meinungsforschung oder zur Handelsinformation erfolgt.<\/span><\/p>\n<p>Um Ihre Rechte geltend zu machen, k\u00f6nnen Sie auch die Vorlage verwenden, die auf der Website der Datenschutzbeh\u00f6rde unter diesem Link verf\u00fcgbar ist:<\/p>\n<p><a name=\"_Hlt165982561\"><\/a><a name=\"_Hlt165982562\"><\/a> <a href=\"https:\/\/www.garanteprivacy.it\/web\/guest\/home\/docweb\/-\/docweb-display\/docweb\/9038275\" target=\"_top\" rel=\"noopener\"><span style=\"color: #0000ff;\"><u>https:\/\/www.garanteprivacy.it\/web\/guest\/home\/docweb\/-\/docweb-<\/u><\/span><span style=\"color: #0000ff;\"><u>display\/docweb\/9038275<\/u><\/span><\/a><\/p>\n<p><span style=\"color: #404040;\">Le <\/span><span style=\"color: #404040;\"><b>Anfragen k\u00f6nnen an den f\u00fcr die Datenverarbeitung Verantwortlichen unter folgenden Kontaktadressen gerichtet werden<\/b><\/span><span style=\"color: #404040;\"> des f\u00fcr die Verarbeitung Verantwortlichen, der am Anfang des Merkblatts aufgef\u00fchrt ist.<\/span><\/p>\n<p><b>BESCHWERDERECHT<\/b><\/p>\n<p>Betroffene Personen, die der Ansicht sind, dass die Verarbeitung sie betreffender personenbezogener Daten \u00fcber diese Website gegen die Bestimmungen der Verordnung verst\u00f6\u00dft, haben das Recht, eine Beschwerde bei der Datenschutzbeh\u00f6rde einzureichen, wie in Artikel 77 der Verordnung vorgesehen, oder den Rechtsweg zu beschreiten (Artikel 79 der Verordnung). Das Muster f\u00fcr die Einreichung einer Beschwerde finden Sie auf der Website der Datenschutzbeh\u00f6rde unter diesem Link: <span style=\"color: #0000ff;\"><u><a href=\"https:\/\/www.garanteprivacy.it\/home\/docweb\/-\/docwebdisplay\/docweb\/4535524\" target=\"_top\" rel=\"noopener\">https:\/\/www.garanteprivacy.it\/home\/docweb\/-\/docwebdisplay\/docweb\/4535524<\/a><\/u><\/span><\/p>","protected":false},"excerpt":{"rendered":"<p>Gem\u00e4\u00df der Verordnung (EU) 2016\/679 (im Folgenden als \"Verordnung\" oder \"DSGVO\" bezeichnet) wird auf dieser Seite beschrieben, wie die personenbezogenen Daten der Nutzer, die die Website des f\u00fcr die Verarbeitung Verantwortlichen besuchen, verarbeitet werden. Diese Informationen betreffen nicht andere Websites, Seiten oder Online-Dienste, die \u00fcber Hypertext-Links erreicht werden k\u00f6nnen, die auf dieser Website ver\u00f6ffentlicht werden k\u00f6nnen, sondern beziehen sich auf [...].<\/p>","protected":false},"author":1,"featured_media":0,"parent":0,"menu_order":0,"comment_status":"closed","ping_status":"open","template":"","meta":{"site-sidebar-layout":"default","site-content-layout":"","ast-site-content-layout":"default","site-content-style":"default","site-sidebar-style":"default","ast-global-header-display":"","ast-banner-title-visibility":"","ast-main-header-display":"","ast-hfb-above-header-display":"","ast-hfb-below-header-display":"","ast-hfb-mobile-header-display":"","site-post-title":"","ast-breadcrumbs-content":"","ast-featured-img":"","footer-sml-layout":"","theme-transparent-header-meta":"default","adv-header-id-meta":"","stick-header-meta":"default","header-above-stick-meta":"","header-main-stick-meta":"","header-below-stick-meta":"","astra-migrate-meta-layouts":"set","ast-page-background-enabled":"default","ast-page-background-meta":{"desktop":{"background-color":"var(--ast-global-color-4)","background-image":"","background-repeat":"repeat","background-position":"center center","background-size":"auto","background-attachment":"scroll","background-type":"","background-media":"","overlay-type":"","overlay-color":"","overlay-opacity":"","overlay-gradient":""},"tablet":{"background-color":"","background-image":"","background-repeat":"repeat","background-position":"center center","background-size":"auto","background-attachment":"scroll","background-type":"","background-media":"","overlay-type":"","overlay-color":"","overlay-opacity":"","overlay-gradient":""},"mobile":{"background-color":"","background-image":"","background-repeat":"repeat","background-position":"center center","background-size":"auto","background-attachment":"scroll","background-type":"","background-media":"","overlay-type":"","overlay-color":"","overlay-opacity":"","overlay-gradient":""}},"ast-content-background-meta":{"desktop":{"background-color":"var(--ast-global-color-5)","background-image":"","background-repeat":"repeat","background-position":"center center","background-size":"auto","background-attachment":"scroll","background-type":"","background-media":"","overlay-type":"","overlay-color":"","overlay-opacity":"","overlay-gradient":""},"tablet":{"background-color":"var(--ast-global-color-5)","background-image":"","background-repeat":"repeat","background-position":"center center","background-size":"auto","background-attachment":"scroll","background-type":"","background-media":"","overlay-type":"","overlay-color":"","overlay-opacity":"","overlay-gradient":""},"mobile":{"background-color":"var(--ast-global-color-5)","background-image":"","background-repeat":"repeat","background-position":"center center","background-size":"auto","background-attachment":"scroll","background-type":"","background-media":"","overlay-type":"","overlay-color":"","overlay-opacity":"","overlay-gradient":""}}},"acf":[],"yoast_head":"<!-- This site is optimized with the Yoast SEO plugin v20.0 - https:\/\/yoast.com\/wordpress\/plugins\/seo\/ -->\n<title>Privacy Policy | Hotel Maestri Hotel 3 Stelle Riccione<\/title>\n<meta name=\"robots\" content=\"index, follow, max-snippet:-1, max-image-preview:large, max-video-preview:-1\" \/>\n<link rel=\"canonical\" href=\"https:\/\/www.hotelmaestri.com\/de\/datenschutzbestimmungen\/\" \/>\n<meta property=\"og:locale\" content=\"de_DE\" \/>\n<meta property=\"og:type\" content=\"article\" \/>\n<meta property=\"og:title\" content=\"Privacy Policy | Hotel Maestri Hotel 3 Stelle Riccione\" \/>\n<meta property=\"og:description\" content=\"Ai sensi del Regolamento (UE) 2016\/679 (di seguito \u201cRegolamento\u201d, o \u201cGDPR\u201d), questa pagina descrive le modalit\u00e0 di trattamento dei dati personali degli utenti che consultano il sito internet del Titolare del trattamento. Le presenti informazioni non riguardano altri siti, pagine o servizi online raggiungibili tramite link ipertestuali eventualmente pubblicati in questo sito, ma riferiti a [&hellip;]\" \/>\n<meta property=\"og:url\" content=\"https:\/\/www.hotelmaestri.com\/de\/datenschutzbestimmungen\/\" \/>\n<meta property=\"og:site_name\" content=\"Hotel Maestri Hotel 3 Stelle Riccione\" \/>\n<meta property=\"article:modified_time\" content=\"2025-05-23T13:34:15+00:00\" \/>\n<meta name=\"twitter:card\" content=\"summary_large_image\" \/>\n<script type=\"application\/ld+json\" class=\"yoast-schema-graph\">{\"@context\":\"https:\/\/schema.org\",\"@graph\":[{\"@type\":\"WebPage\",\"@id\":\"https:\/\/www.hotelmaestri.com\/privacy-policy\/\",\"url\":\"https:\/\/www.hotelmaestri.com\/privacy-policy\/\",\"name\":\"Privacy Policy | Hotel Maestri Hotel 3 Stelle Riccione\",\"isPartOf\":{\"@id\":\"https:\/\/www.hotelmaestri.com\/#website\"},\"datePublished\":\"2022-09-06T07:56:14+00:00\",\"dateModified\":\"2025-05-23T13:34:15+00:00\",\"breadcrumb\":{\"@id\":\"https:\/\/www.hotelmaestri.com\/privacy-policy\/#breadcrumb\"},\"inLanguage\":\"de-DE\",\"potentialAction\":[{\"@type\":\"ReadAction\",\"target\":[\"https:\/\/www.hotelmaestri.com\/privacy-policy\/\"]}]},{\"@type\":\"BreadcrumbList\",\"@id\":\"https:\/\/www.hotelmaestri.com\/privacy-policy\/#breadcrumb\",\"itemListElement\":[{\"@type\":\"ListItem\",\"position\":1,\"name\":\"Home\",\"item\":\"https:\/\/www.hotelmaestri.com\/\"},{\"@type\":\"ListItem\",\"position\":2,\"name\":\"Privacy Policy\"}]},{\"@type\":\"WebSite\",\"@id\":\"https:\/\/www.hotelmaestri.com\/#website\",\"url\":\"https:\/\/www.hotelmaestri.com\/\",\"name\":\"Hotel Maestri Hotel 3 Stelle Riccione\",\"description\":\"\",\"publisher\":{\"@id\":\"https:\/\/www.hotelmaestri.com\/#organization\"},\"potentialAction\":[{\"@type\":\"SearchAction\",\"target\":{\"@type\":\"EntryPoint\",\"urlTemplate\":\"https:\/\/www.hotelmaestri.com\/?s={search_term_string}\"},\"query-input\":\"required name=search_term_string\"}],\"inLanguage\":\"de-DE\"},{\"@type\":\"Organization\",\"@id\":\"https:\/\/www.hotelmaestri.com\/#organization\",\"name\":\"Hotel Maestri Hotel 3 Stelle Riccione\",\"url\":\"https:\/\/www.hotelmaestri.com\/\",\"logo\":{\"@type\":\"ImageObject\",\"inLanguage\":\"de-DE\",\"@id\":\"https:\/\/www.hotelmaestri.com\/#\/schema\/logo\/image\/\",\"url\":\"https:\/\/www.hotelmaestri.com\/wp\/wp-content\/uploads\/2022\/11\/hotel-maestri-riccione-1.png\",\"contentUrl\":\"https:\/\/www.hotelmaestri.com\/wp\/wp-content\/uploads\/2022\/11\/hotel-maestri-riccione-1.png\",\"width\":350,\"height\":100,\"caption\":\"Hotel Maestri Hotel 3 Stelle Riccione\"},\"image\":{\"@id\":\"https:\/\/www.hotelmaestri.com\/#\/schema\/logo\/image\/\"}}]}<\/script>\n<!-- \/ Yoast SEO plugin. -->","yoast_head_json":{"title":"Privacy Policy | Hotel Maestri Hotel 3 Stelle Riccione","robots":{"index":"index","follow":"follow","max-snippet":"max-snippet:-1","max-image-preview":"max-image-preview:large","max-video-preview":"max-video-preview:-1"},"canonical":"https:\/\/www.hotelmaestri.com\/de\/datenschutzbestimmungen\/","og_locale":"de_DE","og_type":"article","og_title":"Privacy Policy | Hotel Maestri Hotel 3 Stelle Riccione","og_description":"Ai sensi del Regolamento (UE) 2016\/679 (di seguito \u201cRegolamento\u201d, o \u201cGDPR\u201d), questa pagina descrive le modalit\u00e0 di trattamento dei dati personali degli utenti che consultano il sito internet del Titolare del trattamento. Le presenti informazioni non riguardano altri siti, pagine o servizi online raggiungibili tramite link ipertestuali eventualmente pubblicati in questo sito, ma riferiti a [&hellip;]","og_url":"https:\/\/www.hotelmaestri.com\/de\/datenschutzbestimmungen\/","og_site_name":"Hotel Maestri Hotel 3 Stelle Riccione","article_modified_time":"2025-05-23T13:34:15+00:00","twitter_card":"summary_large_image","schema":{"@context":"https:\/\/schema.org","@graph":[{"@type":"WebPage","@id":"https:\/\/www.hotelmaestri.com\/privacy-policy\/","url":"https:\/\/www.hotelmaestri.com\/privacy-policy\/","name":"Privacy Policy | Hotel Maestri Hotel 3 Stelle Riccione","isPartOf":{"@id":"https:\/\/www.hotelmaestri.com\/#website"},"datePublished":"2022-09-06T07:56:14+00:00","dateModified":"2025-05-23T13:34:15+00:00","breadcrumb":{"@id":"https:\/\/www.hotelmaestri.com\/privacy-policy\/#breadcrumb"},"inLanguage":"de-DE","potentialAction":[{"@type":"ReadAction","target":["https:\/\/www.hotelmaestri.com\/privacy-policy\/"]}]},{"@type":"BreadcrumbList","@id":"https:\/\/www.hotelmaestri.com\/privacy-policy\/#breadcrumb","itemListElement":[{"@type":"ListItem","position":1,"name":"Home","item":"https:\/\/www.hotelmaestri.com\/"},{"@type":"ListItem","position":2,"name":"Privacy Policy"}]},{"@type":"WebSite","@id":"https:\/\/www.hotelmaestri.com\/#website","url":"https:\/\/www.hotelmaestri.com\/","name":"Hotel Maestri Hotel 3 Stelle Riccione","description":"","publisher":{"@id":"https:\/\/www.hotelmaestri.com\/#organization"},"potentialAction":[{"@type":"SearchAction","target":{"@type":"EntryPoint","urlTemplate":"https:\/\/www.hotelmaestri.com\/?s={search_term_string}"},"query-input":"required name=search_term_string"}],"inLanguage":"de-DE"},{"@type":"Organization","@id":"https:\/\/www.hotelmaestri.com\/#organization","name":"Hotel Maestri Hotel 3 Stelle Riccione","url":"https:\/\/www.hotelmaestri.com\/","logo":{"@type":"ImageObject","inLanguage":"de-DE","@id":"https:\/\/www.hotelmaestri.com\/#\/schema\/logo\/image\/","url":"https:\/\/www.hotelmaestri.com\/wp\/wp-content\/uploads\/2022\/11\/hotel-maestri-riccione-1.png","contentUrl":"https:\/\/www.hotelmaestri.com\/wp\/wp-content\/uploads\/2022\/11\/hotel-maestri-riccione-1.png","width":350,"height":100,"caption":"Hotel Maestri Hotel 3 Stelle Riccione"},"image":{"@id":"https:\/\/www.hotelmaestri.com\/#\/schema\/logo\/image\/"}}]}},"_links":{"self":[{"href":"https:\/\/www.hotelmaestri.com\/de\/wp-json\/wp\/v2\/pages\/3"}],"collection":[{"href":"https:\/\/www.hotelmaestri.com\/de\/wp-json\/wp\/v2\/pages"}],"about":[{"href":"https:\/\/www.hotelmaestri.com\/de\/wp-json\/wp\/v2\/types\/page"}],"author":[{"embeddable":true,"href":"https:\/\/www.hotelmaestri.com\/de\/wp-json\/wp\/v2\/users\/1"}],"replies":[{"embeddable":true,"href":"https:\/\/www.hotelmaestri.com\/de\/wp-json\/wp\/v2\/comments?post=3"}],"version-history":[{"count":1,"href":"https:\/\/www.hotelmaestri.com\/de\/wp-json\/wp\/v2\/pages\/3\/revisions"}],"predecessor-version":[{"id":2985,"href":"https:\/\/www.hotelmaestri.com\/de\/wp-json\/wp\/v2\/pages\/3\/revisions\/2985"}],"wp:attachment":[{"href":"https:\/\/www.hotelmaestri.com\/de\/wp-json\/wp\/v2\/media?parent=3"}],"curies":[{"name":"wp","href":"https:\/\/api.w.org\/{rel}","templated":true}]}}