{"id":3,"date":"2022-09-06T07:56:14","date_gmt":"2022-09-06T07:56:14","guid":{"rendered":"https:\/\/www.hotelmaestri.com\/wp\/?page_id=3"},"modified":"2025-05-23T15:34:15","modified_gmt":"2025-05-23T13:34:15","slug":"privacy-policy","status":"publish","type":"page","link":"https:\/\/www.hotelmaestri.com\/pl\/polityka-prywatnosci\/","title":{"rendered":"Polityka prywatno\u015bci"},"content":{"rendered":"<p>Zgodnie z Rozporz\u0105dzeniem (UE) 2016\/679 (zwanym dalej \"Rozporz\u0105dzeniem\" lub \"RODO\"), niniejsza strona opisuje spos\u00f3b przetwarzania danych osobowych u\u017cytkownik\u00f3w odwiedzaj\u0105cych stron\u0119 internetow\u0105 Administratora Danych.<\/p>\n<p>Informacje te nie dotycz\u0105 innych witryn, stron lub us\u0142ug online, do kt\u00f3rych mo\u017cna dotrze\u0107 za po\u015brednictwem link\u00f3w hipertekstowych, kt\u00f3re mog\u0105 by\u0107 publikowane na tej stronie, ale kt\u00f3re odnosz\u0105 si\u0119 do zasob\u00f3w spoza domeny<\/p>\n<p><b>https:\/\/www.hotelmaestri.com\/<\/b><\/p>\n<p>Po skorzystaniu z witryny mog\u0105 by\u0107 przetwarzane dane dotycz\u0105ce zidentyfikowanych lub mo\u017cliwych do zidentyfikowania os\u00f3b fizycznych.<\/p>\n<table border=\"0\" width=\"581\" cellspacing=\"0\" cellpadding=\"7\">\n<tbody>\n<tr>\n<td width=\"240\">\n<p lang=\"it-IT\" align=\"RIGHT\"><span style=\"font-family: Montserrat;\"><span style=\"font-size: small;\"><b>ADMINISTRATOR DANYCH<\/b><\/span><\/span><\/p>\n<\/td>\n<td width=\"312\">G.E.T.M. SRL<\/td>\n<\/tr>\n<tr>\n<td width=\"240\">\n<p lang=\"it-IT\" align=\"RIGHT\"><span style=\"font-family: Montserrat;\"><span style=\"font-size: small;\"><b>Siedziba <\/b><\/span><\/span><\/p>\n<\/td>\n<td width=\"312\">Via Gorizia, 4 - 47838 Riccione (RN)<\/td>\n<\/tr>\n<tr>\n<td width=\"240\">\n<p lang=\"it-IT\" align=\"RIGHT\"><span style=\"font-family: Montserrat;\"><span style=\"font-size: small;\"><b>Centrala operacyjna <\/b><\/span><\/span><\/p>\n<\/td>\n<td valign=\"TOP\" width=\"312\">\n<p lang=\"en-US\"><span style=\"font-family: Montserrat;\"><span style=\"font-size: small;\">Via Gorizia, 4 - 47838 Riccione (RN)<\/span><\/span><\/p>\n<\/td>\n<\/tr>\n<tr>\n<td width=\"240\">\n<p lang=\"it-IT\" align=\"RIGHT\"><span style=\"font-family: Montserrat;\"><span style=\"font-size: small;\"><b>C.F. \/ VAT NO.<\/b><\/span><\/span><\/p>\n<\/td>\n<td valign=\"TOP\" width=\"312\">\n<p lang=\"en-US\"><span style=\"font-family: Montserrat;\"><span style=\"font-size: small;\">01313660407<\/span><\/span><\/p>\n<\/td>\n<\/tr>\n<tr>\n<td width=\"240\">\n<p lang=\"it-IT\" align=\"RIGHT\"><span style=\"font-family: Montserrat;\"><span style=\"font-size: small;\"><b>Email \/ Pec:<\/b><\/span><\/span><\/p>\n<\/td>\n<td width=\"312\">\n<p lang=\"en-US\"><span style=\"font-family: Montserrat;\"><span style=\"font-size: small;\">info@hotelmaestri.com<\/span><\/span><\/p>\n<p lang=\"en-US\">\n<\/td>\n<\/tr>\n<\/tbody>\n<\/table>\n<p><span style=\"color: #003399;\"><span style=\"font-size: medium;\">PRZETWARZANE DANE, CEL PRZETWARZANIA I PODSTAWA PRAWNA<\/span><\/span><\/p>\n<p><b>1) DANE NAWIGACYJNE<\/b><\/p>\n<p><b>Podstawa prawna<\/b>\"Przetwarzanie danych niezb\u0119dnych do nawigacji na stronie internetowej\" - zobowi\u0105zanie umowne - art. 6 ust. 1 lit. b) RODO<\/p>\n<p>Systemy komputerowe i procedury oprogramowania u\u017cywane do obs\u0142ugi tej witryny uzyskuj\u0105, w trakcie ich normalnego dzia\u0142ania, pewne dane osobowe, kt\u00f3rych transmisja jest dorozumiana z wykorzystaniem protoko\u0142\u00f3w komunikacji internetowej. Ta kategoria danych obejmuje adresy IP lub nazwy domen komputer\u00f3w i terminali u\u017cywanych przez u\u017cytkownik\u00f3w, adresy URI\/URL (Uniform Resource Identifier\/Locator) \u017c\u0105danych zasob\u00f3w, czas \u017c\u0105dania, metod\u0119 u\u017cyt\u0105 do przes\u0142ania \u017c\u0105dania do serwera, rozmiar pliku uzyskanego w odpowiedzi, kod numeryczny wskazuj\u0105cy status odpowiedzi udzielonej przez serwer (powodzenie, b\u0142\u0105d itp.) oraz inne parametry zwi\u0105zane z systemem operacyjnym u\u017cytkownika i \u015brodowiskiem komputerowym. Dane te, niezb\u0119dne do poruszania si\u0119 po Witrynie i korzystania z zawartych w niej informacji, s\u0105 r\u00f3wnie\u017c przetwarzane przez administratora danych w celu:<\/p>\n<p>- uzyskiwania zbiorczych i anonimowych informacji statystycznych na temat korzystania z Witryny (najcz\u0119\u015bciej odwiedzane strony, liczba odwiedzaj\u0105cych w przedziale czasowym lub dziennie, obszary geograficzne pochodzenia odwiedzaj\u0105cych itp;)<\/p>\n<p>- sprawdzania poprawno\u015bci tre\u015bci oferowanych przez Witryn\u0119;<\/p>\n<p>- zapobieganie lub przeciwdzia\u0142anie wszelkim mo\u017cliwym cyberprzest\u0119pstwom, nieuczciwemu wykorzystaniu funkcji dost\u0119pnych na stronie, r\u00f3wnie\u017c w celu rekonstrukcji incydent\u00f3w bezpiecze\u0144stwa i ich identyfikowalno\u015bci<\/p>\n<p><b>Ochrona:<\/b><\/p>\n<p>Zgodnie z zasadami zgodno\u015bci z prawem, ograniczenia celu i minimalizacji danych, zgodnie z art. 5 RODO, dane przegl\u0105dania b\u0119d\u0105 przechowywane przez okres nieprzekraczaj\u0105cy realizacji opisanych powy\u017cej cel\u00f3w technicznych, dla kt\u00f3rych s\u0105 gromadzone i przetwarzane, z wyj\u0105tkiem przypadku konieczno\u015bci ustalenia przest\u0119pstw przez organy s\u0105dowe.<\/p>\n<p><b>2) DANE PRZEKAZANE PRZEZ U\u017bYTKOWNIKA<\/b><\/p>\n<p><b>Podstawa prawna<\/b>\"przetwarzanie danych niezb\u0119dne do udzielenia odpowiedzi na pytania u\u017cytkownik\u00f3w\" - zobowi\u0105zanie umowne - art. 6 ust. 1 lit. b) RODO<\/p>\n<p>Opcjonalne, wyra\u017ane i dobrowolne wysy\u0142anie wiadomo\u015bci na adresy kontaktowe Administratora Danych, prywatne wiadomo\u015bci wysy\u0142ane przez u\u017cytkownik\u00f3w do profili\/stron instytucjonalnych i w mediach spo\u0142eczno\u015bciowych (tam, gdzie przewidziano tak\u0105 mo\u017cliwo\u015b\u0107), a tak\u017ce wype\u0142nianie i przesy\u0142anie formularzy na stronach internetowych Administratora Danych, w tym wniosk\u00f3w o rezerwacje i\/lub wyceny, wi\u0105\u017ce si\u0119 z uzyskaniem danych kontaktowych nadawcy, niezb\u0119dnych do udzielenia odpowiedzi, a tak\u017ce wszystkich danych osobowych zawartych w tej samej komunikacji.<\/p>\n<p>W przypadku wniosk\u00f3w o rezerwacj\u0119 Administrator danych korzysta z CRM (Customer Relationship Management) dostarczanego przez nast\u0119puj\u0105cy podmiot przetwarzaj\u0105cy dane:<br \/>\n<b>ZUCCHETTI HOSPITALITY SRL - Via Solferino n.1 - 26900 Lodi (LO)<\/b><\/p>\n<p><b>Ochrona:<\/b><\/p>\n<p>Dane przekazane przez u\u017cytkownika s\u0105 przechowywane przez czas niezb\u0119dny do obs\u0142ugi poszczeg\u00f3lnych \u017c\u0105da\u0144; wszelkie p\u00f3\u017aniejsze przechowywanie do cel\u00f3w statystycznych przewiduje anonimizacj\u0119 takich danych (z wyj\u0105tkiem konieczno\u015bci ustalenia przest\u0119pstw przez organy s\u0105dowe).<\/p>\n<p><b>3) NEWSLETTER<\/b><\/p>\n<p><b>Podstawa prawna<\/b>Zgoda osoby, kt\u00f3rej dane dotycz\u0105\" - art. 6 ust. 1 lit. a) RODO<\/p>\n<p>Przetwarzanie danych wymaganych do administrowania newsletterem odbywa si\u0119 za wyra\u017an\u0105 zgod\u0105 u\u017cytkownika. Zgod\u0119 t\u0119 mo\u017cna w ka\u017cdej chwili odwo\u0142a\u0107, rezygnuj\u0105c z subskrypcji za pomoc\u0105 funkcji wskazanych we wszystkich wiadomo\u015bciach e-mail lub wysy\u0142aj\u0105c wiadomo\u015b\u0107 e-mail na dane kontaktowe administratora danych.<\/p>\n<p><b>Ochrona:<\/b><\/p>\n<p>Dane przekazane przez u\u017cytkownika s\u0105 przechowywane do momentu cofni\u0119cia zgody przez dan\u0105 osob\u0119.<\/p>\n<p><b><span style=\"color: #003399;\"><span style=\"font-size: medium;\">METODY LECZENIA<\/span><\/span><\/b><span style=\"color: #404040;\"><br \/>\n<\/span><span style=\"color: #404040;\">Dane b\u0119d\u0105 przetwarzane przy u\u017cyciu instrument\u00f3w i no\u015bnik\u00f3w papierowych, magnetycznych, komputerowych lub telematycznych. Dane zostan\u0105 umieszczone w odpowiednich bazach danych, do kt\u00f3rych mog\u0105 uzyska\u0107 dost\u0119p, a zatem staj\u0105 si\u0119 znane, pracownikom wyra\u017anie wyznaczonym przez Administratora danych jako podmioty przetwarzaj\u0105ce dane i \/ lub osoby odpowiedzialne za przetwarzanie. Podmioty przetwarzaj\u0105ce dane i osoby odpowiedzialne za przetwarzanie mog\u0105 przeprowadza\u0107 konsultacje, wykorzystywanie, przetwarzanie, por\u00f3wnywanie i wszelkie inne odpowiednie operacje, w tym operacje zautomatyzowane, wy\u0142\u0105cznie w przypadkach, w kt\u00f3rych zosta\u0142y do tego wyra\u017anie upowa\u017cnione.<\/span><\/p>\n<p><span style=\"color: #003399;\"><span style=\"font-size: medium;\">ODBIORCY DANYCH<\/span><\/span><\/p>\n<p>Odbiorcami danych zebranych w wyniku korzystania z niekt\u00f3rych us\u0142ug wymienionych powy\u017cej s\u0105 okre\u015blone podmioty wyznaczone przez Administratora Danych zgodnie z art. 28 Rozporz\u0105dzenia jako podmioty przetwarzaj\u0105ce dane oraz inni dodatkowi dostawcy us\u0142ug w zakresie agencji internetowych, komunikacji cyfrowej, wsparcia systemowego i wszelkich innych dostawc\u00f3w us\u0142ug cyfrowych, kt\u00f3rych pe\u0142n\u0105 list\u0119 mo\u017cna uzyska\u0107, pisz\u0105c na dane kontaktowe Administratora Danych.<\/p>\n<p>Niekt\u00f3re dane i informacje mog\u0105 by\u0107 przekazywane lub pozyskiwane przez podmioty zidentyfikowane jako autonomiczni administratorzy; dane te odnosz\u0105 si\u0119 do plik\u00f3w cookie, kt\u00f3re s\u0105 zazwyczaj anonimizowane przed wys\u0142aniem, do cel\u00f3w statystycznych. Je\u015bli przewiduje si\u0119 przekazanie danych do kraj\u00f3w spoza UE, zostan\u0105 wskazane podj\u0119te \u015brodki gwarancyjne.<\/p>\n<p>Gromadzone dane osobowe s\u0105 r\u00f3wnie\u017c przetwarzane przez Podmioty Przetwarzaj\u0105ce Dane formalnie wyznaczone przez Administratora Danych, kt\u00f3re dzia\u0142aj\u0105 na podstawie szczeg\u00f3\u0142owych instrukcji dotycz\u0105cych cel\u00f3w i metod przetwarzania.<\/p>\n<p><span style=\"color: #003399;\"><span style=\"font-size: medium;\">BEZPIECZE\u0143STWO PRZETWARZANIA<\/span><\/span><\/p>\n<p>Dane osobowe przekazywane i przechowywane przez okres niezb\u0119dny do realizacji okre\u015blonych cel\u00f3w s\u0105 chronione za pomoc\u0105 szczeg\u00f3lnych technicznych i organizacyjnych \u015brodk\u00f3w bezpiecze\u0144stwa, o kt\u00f3rych mowa w art. 32 Rozporz\u0105dzenia, zdolnych zagwarantowa\u0107 w spos\u00f3b trwa\u0142y poufno\u015b\u0107, integralno\u015b\u0107, dost\u0119pno\u015b\u0107, jak r\u00f3wnie\u017c zdolno\u015b\u0107 do szybkiego przywr\u00f3cenia dost\u0119pno\u015bci danych osobowych i dost\u0119pu do nich w razie incydentu fizycznego lub technicznego, w tym przed ryzykiem zniszczenia, utraty, modyfikacji, nieuprawnionego ujawnienia lub dost\u0119pu, przypadkowego lub niezgodnego z prawem, do danych osobowych przesy\u0142anych, przechowywanych lub w inny spos\u00f3b przetwarzanych.<\/p>\n<p><b><span style=\"color: #003399;\"><span style=\"font-size: medium;\">KOMUNIKACJA, ROZPOWSZECHNIANIE I <\/span><\/span><\/b><span style=\"color: #003399;\"><span style=\"font-size: medium;\">PRZEKAZYWANIE DANYCH OSOBOWYCH DO KRAJ\u00d3W SPOZA UE<\/span><\/span><\/p>\n<p><span style=\"color: #404040;\">Dane osobowe mog\u0105 zosta\u0107 ujawnione w wykonaniu zobowi\u0105za\u0144 prawnych, ale nie b\u0119d\u0105 w \u017caden spos\u00f3b rozpowszechniane.<\/span><span style=\"color: #404040;\"><br \/>\n<\/span>Administrator danych nie przekazuje bezpo\u015brednio danych osobowych do kraj\u00f3w spoza UE. Je\u015bli jednak u\u017cytkownik wyrazi zgod\u0119 na korzystanie z analitycznych i\/lub profiluj\u0105cych plik\u00f3w cookie, jego dane mog\u0105 zosta\u0107 przekazane do USA, kraju, kt\u00f3ry obecnie nie zapewnia odpowiednich gwarancji przetwarzania danych u\u017cytkownika, ale Google zadeklarowa\u0142 wdro\u017cenie dodatkowych \u015brodk\u00f3w bezpiecze\u0144stwa, kt\u00f3re administrator danych uzna\u0142 za wystarczaj\u0105ce.<\/p>\n<p><b><span style=\"color: #003399;\"><span style=\"font-size: medium;\">PRAWA STRONY ZAINTERESOWANEJ (art. 15, 16, 17, 18, 19, 20, 21, 22 Rozporz\u0105dzenia UE 679\/2016)<\/span><\/span><\/b><span style=\"color: #003399;\"><span style=\"font-size: medium;\"><b><br \/>\n<\/b><\/span><\/span><span style=\"color: #404040;\">Osoba, kt\u00f3rej dane dotycz\u0105, ma prawo do uzyskania potwierdzenia, czy dane osobowe jej dotycz\u0105ce istniej\u0105, niezale\u017cnie od tego, czy zosta\u0142y ju\u017c zarejestrowane, oraz do przekazania takich danych w zrozumia\u0142ej formie. Osoba, kt\u00f3rej dane dotycz\u0105, ma prawo do uzyskania informacji: o \u017ar\u00f3dle danych osobowych, o celach i metodach przetwarzania, o logice zastosowanej do przetwarzania, je\u015bli jest ono przeprowadzane za pomoc\u0105 \u015brodk\u00f3w elektronicznych, o danych identyfikacyjnych dotycz\u0105cych administratora danych, podmiot\u00f3w przetwarzaj\u0105cych dane i przedstawiciela wyznaczonego zgodnie z sekcj\u0105 5(2), o podmiotach lub kategoriach podmiot\u00f3w, kt\u00f3rym lub kt\u00f3rym dane osobowe mog\u0105 by\u0107 przekazywane i kt\u00f3re lub kt\u00f3re mog\u0105 zapozna\u0107 si\u0119 z tymi danymi w charakterze wyznaczonego przedstawiciela (przedstawicieli) na terytorium pa\u0144stwa, podmiotu przetwarzaj\u0105cego (podmiot\u00f3w przetwarzaj\u0105cych) dane lub osoby (os\u00f3b) odpowiedzialnej za przetwarzanie. Zainteresowana strona ma prawo do uzyskania aktualizacji, sprostowania lub, w przypadku zainteresowania, integracji danych; anulowania, przekszta\u0142cenia w form\u0119 anonimow\u0105 lub zablokowania danych przetwarzanych niezgodnie z prawem, w tym danych, kt\u00f3rych przechowywanie jest zb\u0119dne do cel\u00f3w, dla kt\u00f3rych dane zosta\u0142y zebrane lub nast\u0119pnie przetworzone za\u015bwiadczenie, \u017ce operacje, o kt\u00f3rych mowa w lit. a) i b), zosta\u0142y zg\u0142oszone, r\u00f3wnie\u017c w odniesieniu do ich tre\u015bci, podmiotom, kt\u00f3rym dane zosta\u0142y przekazane lub rozpowszechnione, chyba \u017ce wym\u00f3g ten oka\u017ce si\u0119 niemo\u017cliwy lub wi\u0105\u017ce si\u0119 z wyra\u017anie nieproporcjonalnym wysi\u0142kiem w por\u00f3wnaniu z prawem, kt\u00f3re ma by\u0107 chronione; mo\u017cliwo\u015b\u0107 przenoszenia danych. Osoba, kt\u00f3rej dane dotycz\u0105, ma prawo wnie\u015b\u0107 sprzeciw, w ca\u0142o\u015bci lub w cz\u0119\u015bci: z uzasadnionych przyczyn, wobec przetwarzania dotycz\u0105cych jej danych osobowych, nawet je\u015bli jest to zwi\u0105zane z celem ich gromadzenia; wobec przetwarzania dotycz\u0105cych jej danych osobowych, je\u017celi odbywa si\u0119 ono w celu wysy\u0142ania materia\u0142\u00f3w reklamowych lub sprzeda\u017cy bezpo\u015bredniej lub w celu przeprowadzania bada\u0144 rynku lub komunikacji handlowej.<\/span><\/p>\n<p>Aby skorzysta\u0107 ze swoich praw, mo\u017cna r\u00f3wnie\u017c u\u017cy\u0107 wzoru przygotowanego i dost\u0119pnego na stronie internetowej Urz\u0119du Ochrony Danych pod tym linkiem:<\/p>\n<p><a name=\"_Hlt165982561\"><\/a><a name=\"_Hlt165982562\"><\/a> <a href=\"https:\/\/www.garanteprivacy.it\/web\/guest\/home\/docweb\/-\/docweb-display\/docweb\/9038275\" target=\"_top\" rel=\"noopener\"><span style=\"color: #0000ff;\"><u>https:\/\/www.garanteprivacy.it\/web\/guest\/home\/docweb\/-\/docweb-<\/u><\/span><span style=\"color: #0000ff;\"><u>display\/docweb\/9038275<\/u><\/span><\/a><\/p>\n<p><span style=\"color: #404040;\">Le <\/span><span style=\"color: #404040;\"><b>wnioski mo\u017cna kierowa\u0107 do administratora danych, korzystaj\u0105c z adres\u00f3w kontaktowych<\/b><\/span><span style=\"color: #404040;\"> Administratora Danych wymienionego na pocz\u0105tku noty informacyjnej.<\/span><\/p>\n<p><b>PRAWO DO REKLAMACJI<\/b><\/p>\n<p>Osoby, kt\u00f3rych dane dotycz\u0105, kt\u00f3re uwa\u017caj\u0105, \u017ce przetwarzanie ich danych osobowych za po\u015brednictwem tej strony internetowej narusza przepisy Rozporz\u0105dzenia, maj\u0105 prawo do z\u0142o\u017cenia skargi do Garante, zgodnie z art. 77 samego Rozporz\u0105dzenia, lub do podj\u0119cia krok\u00f3w prawnych (art. 79 Rozporz\u0105dzenia). Wz\u00f3r skargi jest dost\u0119pny na stronie internetowej Urz\u0119du Ochrony Danych pod tym linkiem: <span style=\"color: #0000ff;\"><u><a href=\"https:\/\/www.garanteprivacy.it\/home\/docweb\/-\/docwebdisplay\/docweb\/4535524\" target=\"_top\" rel=\"noopener\">https:\/\/www.garanteprivacy.it\/home\/docweb\/-\/docwebdisplay\/docweb\/4535524<\/a><\/u><\/span><\/p>","protected":false},"excerpt":{"rendered":"<p>Zgodnie z rozporz\u0105dzeniem (UE) 2016\/679 (zwanym dalej \"rozporz\u0105dzeniem\" lub \"RODO\") niniejsza strona opisuje spos\u00f3b przetwarzania danych osobowych u\u017cytkownik\u00f3w odwiedzaj\u0105cych stron\u0119 internetow\u0105 administratora danych. Informacje te nie dotycz\u0105 innych witryn internetowych, stron lub us\u0142ug online, do kt\u00f3rych mo\u017cna dotrze\u0107 za po\u015brednictwem link\u00f3w hipertekstowych, kt\u00f3re mog\u0105 by\u0107 publikowane na tej stronie, ale odnosz\u0105 si\u0119 do [...].<\/p>","protected":false},"author":1,"featured_media":0,"parent":0,"menu_order":0,"comment_status":"closed","ping_status":"open","template":"","meta":{"site-sidebar-layout":"default","site-content-layout":"","ast-site-content-layout":"default","site-content-style":"default","site-sidebar-style":"default","ast-global-header-display":"","ast-banner-title-visibility":"","ast-main-header-display":"","ast-hfb-above-header-display":"","ast-hfb-below-header-display":"","ast-hfb-mobile-header-display":"","site-post-title":"","ast-breadcrumbs-content":"","ast-featured-img":"","footer-sml-layout":"","theme-transparent-header-meta":"default","adv-header-id-meta":"","stick-header-meta":"default","header-above-stick-meta":"","header-main-stick-meta":"","header-below-stick-meta":"","astra-migrate-meta-layouts":"set","ast-page-background-enabled":"default","ast-page-background-meta":{"desktop":{"background-color":"var(--ast-global-color-4)","background-image":"","background-repeat":"repeat","background-position":"center center","background-size":"auto","background-attachment":"scroll","background-type":"","background-media":"","overlay-type":"","overlay-color":"","overlay-opacity":"","overlay-gradient":""},"tablet":{"background-color":"","background-image":"","background-repeat":"repeat","background-position":"center center","background-size":"auto","background-attachment":"scroll","background-type":"","background-media":"","overlay-type":"","overlay-color":"","overlay-opacity":"","overlay-gradient":""},"mobile":{"background-color":"","background-image":"","background-repeat":"repeat","background-position":"center center","background-size":"auto","background-attachment":"scroll","background-type":"","background-media":"","overlay-type":"","overlay-color":"","overlay-opacity":"","overlay-gradient":""}},"ast-content-background-meta":{"desktop":{"background-color":"var(--ast-global-color-5)","background-image":"","background-repeat":"repeat","background-position":"center center","background-size":"auto","background-attachment":"scroll","background-type":"","background-media":"","overlay-type":"","overlay-color":"","overlay-opacity":"","overlay-gradient":""},"tablet":{"background-color":"var(--ast-global-color-5)","background-image":"","background-repeat":"repeat","background-position":"center center","background-size":"auto","background-attachment":"scroll","background-type":"","background-media":"","overlay-type":"","overlay-color":"","overlay-opacity":"","overlay-gradient":""},"mobile":{"background-color":"var(--ast-global-color-5)","background-image":"","background-repeat":"repeat","background-position":"center center","background-size":"auto","background-attachment":"scroll","background-type":"","background-media":"","overlay-type":"","overlay-color":"","overlay-opacity":"","overlay-gradient":""}}},"acf":[],"yoast_head":"<!-- This site is optimized with the Yoast SEO plugin v20.0 - https:\/\/yoast.com\/wordpress\/plugins\/seo\/ -->\n<title>Privacy Policy | Hotel Maestri Hotel 3 Stelle Riccione<\/title>\n<meta name=\"robots\" content=\"index, follow, max-snippet:-1, max-image-preview:large, max-video-preview:-1\" \/>\n<link rel=\"canonical\" href=\"https:\/\/www.hotelmaestri.com\/pl\/polityka-prywatnosci\/\" \/>\n<meta property=\"og:locale\" content=\"pl_PL\" \/>\n<meta property=\"og:type\" content=\"article\" \/>\n<meta property=\"og:title\" content=\"Privacy Policy | Hotel Maestri Hotel 3 Stelle Riccione\" \/>\n<meta property=\"og:description\" content=\"Ai sensi del Regolamento (UE) 2016\/679 (di seguito \u201cRegolamento\u201d, o \u201cGDPR\u201d), questa pagina descrive le modalit\u00e0 di trattamento dei dati personali degli utenti che consultano il sito internet del Titolare del trattamento. Le presenti informazioni non riguardano altri siti, pagine o servizi online raggiungibili tramite link ipertestuali eventualmente pubblicati in questo sito, ma riferiti a [&hellip;]\" \/>\n<meta property=\"og:url\" content=\"https:\/\/www.hotelmaestri.com\/pl\/polityka-prywatnosci\/\" \/>\n<meta property=\"og:site_name\" content=\"Hotel Maestri Hotel 3 Stelle Riccione\" \/>\n<meta property=\"article:modified_time\" content=\"2025-05-23T13:34:15+00:00\" \/>\n<meta name=\"twitter:card\" content=\"summary_large_image\" \/>\n<script type=\"application\/ld+json\" class=\"yoast-schema-graph\">{\"@context\":\"https:\/\/schema.org\",\"@graph\":[{\"@type\":\"WebPage\",\"@id\":\"https:\/\/www.hotelmaestri.com\/privacy-policy\/\",\"url\":\"https:\/\/www.hotelmaestri.com\/privacy-policy\/\",\"name\":\"Privacy Policy | Hotel Maestri Hotel 3 Stelle Riccione\",\"isPartOf\":{\"@id\":\"https:\/\/www.hotelmaestri.com\/#website\"},\"datePublished\":\"2022-09-06T07:56:14+00:00\",\"dateModified\":\"2025-05-23T13:34:15+00:00\",\"breadcrumb\":{\"@id\":\"https:\/\/www.hotelmaestri.com\/privacy-policy\/#breadcrumb\"},\"inLanguage\":\"pl-PL\",\"potentialAction\":[{\"@type\":\"ReadAction\",\"target\":[\"https:\/\/www.hotelmaestri.com\/privacy-policy\/\"]}]},{\"@type\":\"BreadcrumbList\",\"@id\":\"https:\/\/www.hotelmaestri.com\/privacy-policy\/#breadcrumb\",\"itemListElement\":[{\"@type\":\"ListItem\",\"position\":1,\"name\":\"Home\",\"item\":\"https:\/\/www.hotelmaestri.com\/\"},{\"@type\":\"ListItem\",\"position\":2,\"name\":\"Privacy Policy\"}]},{\"@type\":\"WebSite\",\"@id\":\"https:\/\/www.hotelmaestri.com\/#website\",\"url\":\"https:\/\/www.hotelmaestri.com\/\",\"name\":\"Hotel Maestri Hotel 3 Stelle Riccione\",\"description\":\"\",\"publisher\":{\"@id\":\"https:\/\/www.hotelmaestri.com\/#organization\"},\"potentialAction\":[{\"@type\":\"SearchAction\",\"target\":{\"@type\":\"EntryPoint\",\"urlTemplate\":\"https:\/\/www.hotelmaestri.com\/?s={search_term_string}\"},\"query-input\":\"required name=search_term_string\"}],\"inLanguage\":\"pl-PL\"},{\"@type\":\"Organization\",\"@id\":\"https:\/\/www.hotelmaestri.com\/#organization\",\"name\":\"Hotel Maestri Hotel 3 Stelle Riccione\",\"url\":\"https:\/\/www.hotelmaestri.com\/\",\"logo\":{\"@type\":\"ImageObject\",\"inLanguage\":\"pl-PL\",\"@id\":\"https:\/\/www.hotelmaestri.com\/#\/schema\/logo\/image\/\",\"url\":\"https:\/\/www.hotelmaestri.com\/wp\/wp-content\/uploads\/2022\/11\/hotel-maestri-riccione-1.png\",\"contentUrl\":\"https:\/\/www.hotelmaestri.com\/wp\/wp-content\/uploads\/2022\/11\/hotel-maestri-riccione-1.png\",\"width\":350,\"height\":100,\"caption\":\"Hotel Maestri Hotel 3 Stelle Riccione\"},\"image\":{\"@id\":\"https:\/\/www.hotelmaestri.com\/#\/schema\/logo\/image\/\"}}]}<\/script>\n<!-- \/ Yoast SEO plugin. -->","yoast_head_json":{"title":"Privacy Policy | Hotel Maestri Hotel 3 Stelle Riccione","robots":{"index":"index","follow":"follow","max-snippet":"max-snippet:-1","max-image-preview":"max-image-preview:large","max-video-preview":"max-video-preview:-1"},"canonical":"https:\/\/www.hotelmaestri.com\/pl\/polityka-prywatnosci\/","og_locale":"pl_PL","og_type":"article","og_title":"Privacy Policy | Hotel Maestri Hotel 3 Stelle Riccione","og_description":"Ai sensi del Regolamento (UE) 2016\/679 (di seguito \u201cRegolamento\u201d, o \u201cGDPR\u201d), questa pagina descrive le modalit\u00e0 di trattamento dei dati personali degli utenti che consultano il sito internet del Titolare del trattamento. Le presenti informazioni non riguardano altri siti, pagine o servizi online raggiungibili tramite link ipertestuali eventualmente pubblicati in questo sito, ma riferiti a [&hellip;]","og_url":"https:\/\/www.hotelmaestri.com\/pl\/polityka-prywatnosci\/","og_site_name":"Hotel Maestri Hotel 3 Stelle Riccione","article_modified_time":"2025-05-23T13:34:15+00:00","twitter_card":"summary_large_image","schema":{"@context":"https:\/\/schema.org","@graph":[{"@type":"WebPage","@id":"https:\/\/www.hotelmaestri.com\/privacy-policy\/","url":"https:\/\/www.hotelmaestri.com\/privacy-policy\/","name":"Privacy Policy | Hotel Maestri Hotel 3 Stelle Riccione","isPartOf":{"@id":"https:\/\/www.hotelmaestri.com\/#website"},"datePublished":"2022-09-06T07:56:14+00:00","dateModified":"2025-05-23T13:34:15+00:00","breadcrumb":{"@id":"https:\/\/www.hotelmaestri.com\/privacy-policy\/#breadcrumb"},"inLanguage":"pl-PL","potentialAction":[{"@type":"ReadAction","target":["https:\/\/www.hotelmaestri.com\/privacy-policy\/"]}]},{"@type":"BreadcrumbList","@id":"https:\/\/www.hotelmaestri.com\/privacy-policy\/#breadcrumb","itemListElement":[{"@type":"ListItem","position":1,"name":"Home","item":"https:\/\/www.hotelmaestri.com\/"},{"@type":"ListItem","position":2,"name":"Privacy Policy"}]},{"@type":"WebSite","@id":"https:\/\/www.hotelmaestri.com\/#website","url":"https:\/\/www.hotelmaestri.com\/","name":"Hotel Maestri Hotel 3 Stelle Riccione","description":"","publisher":{"@id":"https:\/\/www.hotelmaestri.com\/#organization"},"potentialAction":[{"@type":"SearchAction","target":{"@type":"EntryPoint","urlTemplate":"https:\/\/www.hotelmaestri.com\/?s={search_term_string}"},"query-input":"required name=search_term_string"}],"inLanguage":"pl-PL"},{"@type":"Organization","@id":"https:\/\/www.hotelmaestri.com\/#organization","name":"Hotel Maestri Hotel 3 Stelle Riccione","url":"https:\/\/www.hotelmaestri.com\/","logo":{"@type":"ImageObject","inLanguage":"pl-PL","@id":"https:\/\/www.hotelmaestri.com\/#\/schema\/logo\/image\/","url":"https:\/\/www.hotelmaestri.com\/wp\/wp-content\/uploads\/2022\/11\/hotel-maestri-riccione-1.png","contentUrl":"https:\/\/www.hotelmaestri.com\/wp\/wp-content\/uploads\/2022\/11\/hotel-maestri-riccione-1.png","width":350,"height":100,"caption":"Hotel Maestri Hotel 3 Stelle Riccione"},"image":{"@id":"https:\/\/www.hotelmaestri.com\/#\/schema\/logo\/image\/"}}]}},"_links":{"self":[{"href":"https:\/\/www.hotelmaestri.com\/pl\/wp-json\/wp\/v2\/pages\/3"}],"collection":[{"href":"https:\/\/www.hotelmaestri.com\/pl\/wp-json\/wp\/v2\/pages"}],"about":[{"href":"https:\/\/www.hotelmaestri.com\/pl\/wp-json\/wp\/v2\/types\/page"}],"author":[{"embeddable":true,"href":"https:\/\/www.hotelmaestri.com\/pl\/wp-json\/wp\/v2\/users\/1"}],"replies":[{"embeddable":true,"href":"https:\/\/www.hotelmaestri.com\/pl\/wp-json\/wp\/v2\/comments?post=3"}],"version-history":[{"count":1,"href":"https:\/\/www.hotelmaestri.com\/pl\/wp-json\/wp\/v2\/pages\/3\/revisions"}],"predecessor-version":[{"id":2985,"href":"https:\/\/www.hotelmaestri.com\/pl\/wp-json\/wp\/v2\/pages\/3\/revisions\/2985"}],"wp:attachment":[{"href":"https:\/\/www.hotelmaestri.com\/pl\/wp-json\/wp\/v2\/media?parent=3"}],"curies":[{"name":"wp","href":"https:\/\/api.w.org\/{rel}","templated":true}]}}